{"id":124,"date":"2022-10-30T20:01:57","date_gmt":"2022-10-30T20:01:57","guid":{"rendered":"https:\/\/garnisonsmuseumwuensdorf.de\/?page_id=124"},"modified":"2022-11-04T21:33:23","modified_gmt":"2022-11-04T21:33:23","slug":"satzung","status":"publish","type":"page","link":"https:\/\/garnisonsmuseumwuensdorf.de\/Startseite\/garnisonsmuseum-wuensdorf\/satzung\/","title":{"rendered":"Satzung"},"content":{"rendered":"\t\t<div data-elementor-type=\"wp-page\" data-elementor-id=\"124\" class=\"elementor elementor-124\">\n\t\t\t\t\t\t<section class=\"elementor-section elementor-top-section elementor-element elementor-element-a664b0a elementor-section-boxed elementor-section-height-default elementor-section-height-default\" data-id=\"a664b0a\" data-element_type=\"section\" data-e-type=\"section\">\n\t\t\t\t\t\t<div class=\"elementor-container elementor-column-gap-default\">\n\t\t\t\t\t<div class=\"elementor-column elementor-col-100 elementor-top-column elementor-element elementor-element-19f5355\" data-id=\"19f5355\" data-element_type=\"column\" data-e-type=\"column\">\n\t\t\t<div class=\"elementor-widget-wrap elementor-element-populated\">\n\t\t\t\t\t\t<div class=\"elementor-element elementor-element-8fcdee6 elementor-widget elementor-widget-spacer\" data-id=\"8fcdee6\" data-element_type=\"widget\" data-e-type=\"widget\" data-widget_type=\"spacer.default\">\n\t\t\t\t\t\t\t<div class=\"elementor-spacer\">\n\t\t\t<div class=\"elementor-spacer-inner\"><\/div>\n\t\t<\/div>\n\t\t\t\t\t\t<\/div>\n\t\t\t\t\t<\/div>\n\t\t<\/div>\n\t\t\t\t\t<\/div>\n\t\t<\/section>\n\t\t\t\t<section class=\"elementor-section elementor-top-section elementor-element elementor-element-5aaf19c elementor-section-boxed elementor-section-height-default elementor-section-height-default\" data-id=\"5aaf19c\" data-element_type=\"section\" data-e-type=\"section\">\n\t\t\t\t\t\t<div class=\"elementor-container elementor-column-gap-default\">\n\t\t\t\t\t<div class=\"elementor-column elementor-col-100 elementor-top-column elementor-element elementor-element-6eac834\" data-id=\"6eac834\" data-element_type=\"column\" data-e-type=\"column\">\n\t\t\t<div class=\"elementor-widget-wrap elementor-element-populated\">\n\t\t\t\t\t\t<div class=\"elementor-element elementor-element-a59ce2b elementor-widget elementor-widget-text-editor\" data-id=\"a59ce2b\" data-element_type=\"widget\" data-e-type=\"widget\" data-widget_type=\"text-editor.default\">\n\t\t\t\t\t\t\t\t\t<h1 style=\"text-align: center;\">Satzung<\/h1><h5 style=\"text-align: center;\">\u00a7\u00a01 Name, Sitz und Gesch\u00e4ftsjahr<\/h5><p>1. Der Verein tr\u00e4gt den Namen \u201eF\u00f6rderverein Garnisonsmuseum W\u00fcnsdorf\u2018. Er soll in das Vereinsregister eingetragen werden und den Zusatz e.V. f\u00fchren.<br \/>2. Der Verein hat seinen Sitz in W\u00fcnsdorf.<br \/>3. Das Gesch\u00e4ftsjahr ist das Kalenderjahr.<\/p><p>\u00a0<\/p><h4 style=\"text-align: center;\">\u00a7\u00a02 Zweck und Aufgaben<\/h4><p>1. Der Verein setzt sich zum Ziel, die Geschichte der Milit\u00e4rstandorte Zossen-W\u00fcnsdorf-Zehrensdorf sowie des Truppen\u00fcbungsplatzes Zossen zu erforschen.<br \/>Dabei werden vor allem zwei Aspekte als besonders wichtig angesehen:<br \/>\u00a0&#8211; enge Verbindung mit der Geschichte der beiden Orte, die Belebung der kulturellen Aktivit\u00e4ten in deren Umland und die Beteiligung an Schutz und Pflege der nat\u00fcrlichen Umwelt<br \/>\u00a0&#8211; sachliche Charakterisierung der nationalen und internationalen Bedeutung dieses Milit\u00e4rstandortes<br \/>2. Zur Verwirklichung dieses Ziels stellt sich der Verein folgende Aufgaben:<br \/>\u00a0&#8211; die vom Verein gestalteten Ausstellungen intensiv zu f\u00f6rdern und zu pflegen,<br \/>\u00a0&#8211; milit\u00e4rgeschichtliche F\u00fchrungen zu organisieren und durchzuf\u00fchren,<br \/>\u00a0&#8211; wissenschaftliche Arbeiten zur Milit\u00e4r- und Ortsgeschichte zu f\u00f6rdern,<br \/>\u00a0&#8211; bei der Erfassung und dem Schutz historischer Bausubstanz und geschichtlicher Denkmale (Boden, Natur) mitzuhelfen,<br \/>\u00a0&#8211; Ergebnisse der Forschung und Denkmalpflege durch Vortr\u00e4ge, Ausstellungen und Beitr\u00e4ge in Massenmedien und Publikationen vorzustellen.<br \/>3. Der Verein verfolgt ausschlie\u00dflich und unmittelbar gemeinn\u00fctzige Zwecke im Sinne des Abschnittes \u201eSteuerbeg\u00fcnstigte Zwecke\u201c der Abgabenordnung.<br \/>4. Der Verein ist selbstlos t\u00e4tig, er verfolgt keine eigenwirtschaftliche Zwecke.<\/p><p>\u00a0<\/p><h4 style=\"text-align: center;\">\u00a7\u00a03 Mitgliedschaft<\/h4><p>1. Ordentliches oder f\u00f6rderndes Mitglied des Vereins kann jede nat\u00fcrliche Person werden, die das 18. Lebensjahr vollendet hat und die Satzung anerkennt.<br \/>2. \u00dcber die Aufnahme in den Verein entscheidet der Vorstand auf der Grundlage eines schriftlichen Antrages.<br \/>3. Personen, die sich in \u00dcbereinstimmung mit den Zielen des Vereins besondere Verdienste erworben haben, k\u00f6nnen auf Beschluss des Vorstandes zum Ehrenmitglied ernannt werden.<br \/>4. Die Mitgliedschaft endet durch:<br \/>\u00a0&#8211; Austritt durch schriftliche Erkl\u00e4rung an den Vorstand mit einer Frist von 3 Monaten zum Ende des laufenden Gesch\u00e4ftsjahres,<br \/>\u00a0&#8211; Ausschluss eines Mitglieds mit sofortiger Wirkung und aus wichtigem Grund kann dann ausgesprochen werden, wenn das Mitglied gegen die Satzung, Ordnungen, den Satzungszweck oder die Vereinsinteressen verst\u00f6\u00dft,<br \/>\u00a0&#8211; bei unentschuldigter Nichtentrichtung des Mitgliedsbeitrages, jedoch fr\u00fchestens zum Ende eines jeden Kalenderjahres,<br \/>\u00a0&#8211; Tod des Mitglieds.<br \/>\u00dcber den Ausschluss eines Mitglieds entscheidet der Gesamtvorstand mit einfacher Stimmenmehrheit; dem Mitglied ist unter Fristsetzung von zwei Wochen Gelegenheit zu geben, sich vor dem Vereinsausschluss zu den erhobenen Vorw\u00fcrfen zu \u00e4u\u00dfern,<br \/>bei Beendigung der Mitgliedschaft, gleich aus welchem Grund, erl\u00f6schen alle Anspr\u00fcche aus dem Mitgliedsverh\u00e4ltnis; eine R\u00fcckgew\u00e4hr von Beitr\u00e4gen, Spenden oder sonstigen Unterst\u00fctzungsleistungen ist grunds\u00e4tzlich ausgeschlossen, der Anspruch des Vereins auf r\u00fcckst\u00e4ndige Beitragsforderungen bleibt hiervon unber\u00fchrt.<\/p><p>\u00a0<\/p><h4 style=\"text-align: center;\">\u00a7\u00a04 Finanzielle Mittel<\/h4><p>1. F\u00fcr die H\u00f6he der j\u00e4hrlichen Mitgliederbeitr\u00e4ge ist die jeweils g\u00fcltige Beitragsordnung ma\u00dfgebend, die von der Mitgliederversammlung beschlossen wird.<br \/>3. Der Verein finanziert sich aus Beitr\u00e4gen, Spenden und Zuwendungen sowie aus Erl\u00f6sen aus Veranstaltungen und Publikationen.<br \/>3. Mittel des Vereins d\u00fcrfen nur f\u00fcr die satzungsgem\u00e4\u00dfen Zwecke verwendet werden. Die Mitglieder erhalten keine Zuwendungen aus den Mitteln des Vereins.<br \/>4. Es darf keine Person durch Aufgaben, die dem Zweck der K\u00f6rperschaft fremd sind, oder durch unverh\u00e4ltnism\u00e4\u00dfig hohe Verg\u00fctungen beg\u00fcnstigt werden.<\/p><p>\u00a0<\/p><h4 style=\"text-align: center;\">\u00a7\u00a05 Organe und Einrichtungen<\/h4><p><br \/>Organe des Vereins sind:<br \/>\u00a0&#8211; die Mitgliederversammlung,<br \/>\u00a0&#8211; der Vorstand,<br \/>\u00a0&#8211; Arbeitsgruppen oder Aussch\u00fcsse mit besonderen Aufgaben, die auf Beschluss des Vorstandes oder der Mitgliederversammlung geschaffen werden.<\/p><p>\u00a0<\/p><h4 style=\"text-align: center;\">\u00a7 6 Mitgliederversammlung<\/h4><p><br \/>1. Die ordentliche Mitgliederversammlung findet mindestens einmal j\u00e4hrlich statt. Die Einladung dazu muss schriftlich mindestens 28 Tage vorher unter Bekanntgabe der Tagesordnung erfolgen.<br \/>2. Die Aufgaben der Mitgliederversammlung sind:<br \/>\u00a0&#8211; Wahl des Vorstandes,<br \/>\u00a0&#8211; Entgegennahme des Jahresberichtes des Vorstandes; Entlastung des Vorstandes,<br \/>\u00a0&#8211; Beschlussfassung \u00fcber Vorschl\u00e4ge des Vorstandes,<br \/>\u00a0&#8211; Beschlussfassung \u00fcber \u00c4nderung der Satzung oder Aufl\u00f6sung des Vereins,<br \/>\u00a0&#8211; Festsetzung der Beitr\u00e4ge in einer Beitragsordnung,<br \/>\u00a0&#8211; Wahl von zwei Kassenpr\u00fcfern.<br \/>3. Jede ordnungsgem\u00e4\u00df einberufene Mitgliederversammlung ist ohne R\u00fccksicht auf die Zahl der erschienenen Mitglieder beschlussf\u00e4hig. Die Beschl\u00fcsse der Mitgliederversammlung werden mit einfacher Mehrheit der abgegebenen g\u00fcltigen Stimmen gefasst. Zur \u00c4nderung der Satzung und des Vereinszwecks ist jedoch eine Mehrheit von drei Vierteln der abgegebenen g\u00fcltigen Stimmen erforderlich.<br \/>4. Von der Mitgliederversammlung gefasste Beschl\u00fcsse sind schriftlich zu beurkunden. Das Protokoll ist vom Versammlungsleiter und vom Protokollf\u00fchrer zu unterzeichnen.<br \/>5. Der Vorstand hat eine au\u00dferordentliche Mitgliederversammlung unverz\u00fcglich einzuberufen, wenn es das Interesse des Vereins erfordert oder wenn die Einberufung von mindestens ein Drittel der stimmberechtigten Vereinsmitglieder dies schriftlich unter Angabe des Zwecks und der Gr\u00fcnde vom Vorstand verlangt.<br \/>6. Der Vorsitzende oder sein Stellvertreter leiten die Mitgliederversammlung. Auf Vorschlag des\/der Vorsitzenden kann die Mitgliederversammlung einen besonderen Versammlungsleiter bestimmen.<\/p><p>\u00a0<\/p><h4 style=\"text-align: center;\">\u00a7 7 Vorstand<\/h4><p><br \/>1. Der Vorstand besteht aus:<br \/>\u00a0&#8211; 1. Vorsitzenden,<br \/>\u00a0&#8211; 2. Vorsitzenden,<br \/>\u00a0&#8211; Schatzmeister,<br \/>\u00a0&#8211; Schriftf\u00fchrer,<br \/>\u00a0&#8211; den Beisitzern<br \/>2. Der vertretungsberechtigte Vorstand im Sinne des $ 26 BGB besteht aus dem 1. Vorsitzenden und dem 2. Vorsitzenden. Beide Vorstandsmitglieder sind einzeln vertretungsberechtigt.<br \/>3. Die Vertretungsbefugnis des Vorstandes ist dahin gehend beschr\u00e4nkt, dass bei Rechtsgesch\u00e4ften \u00fcber einen Wert von mehr als 500,00 EUR die Einwilligung des Gesamtvorstands erforderlich ist.<br \/>4. Die Mitgliederversammlung entscheidet \u00fcber die Anzahl der Beisitzer.<br \/>5. Der Vorstand wird von der Mitgliederversammlung auf die Dauer von zwei Jahren gew\u00e4hlt; jedes Vorstandsmitglied bleibt jedoch so lange im Amt, bis eine Neuwahl erfolgt ist.<br \/>6. Im Falle dessen, dass ein Vorstandsmitglied fr\u00fchzeitig aus seinem Amt ausscheidet, ist der Vorstand berechtigt, ein Ersatzmitglied f\u00fcr die restliche Amtsdauer des ausscheidenden Mitglieds zu w\u00e4hlen.<\/p><p>\u00a0<\/p><h4 style=\"text-align: center;\">\u00a7 8 Aufgaben des Vorstandes<\/h4><p><br \/>1. Dem Vorstand obliegt die Leitung des Vereins und die F\u00fchrung der Gesch\u00e4fte.<br \/>2. Der Vorstand hat all diejenigen Aufgaben zu erledigen, die nicht aufgrund der Satzung anderen Vereinsorganen obliegen. Insbesondere geh\u00f6rt zu seinen Aufgaben:<br \/>\u00a0&#8211; die Vorbereitung der Mitgliederversammlungen und die Ausarbeitung der diesbez\u00fcglich notwendigen Tagesordnung,<br \/>\u00a0&#8211; die Einberufung der Mitgliederversammlung,<br \/>\u00a0&#8211; die Beschlussfassung \u00fcber die Einberufung einer au\u00dferordentlichen Mitgliederversammlung,<br \/>\u00a0&#8211; die Entscheidung \u00fcber Vereinsaufnahmeantr\u00e4ge,<br \/>\u00a0&#8211; die Entscheidung \u00fcber Vereinsausschl\u00fcsse,<br \/>\u00a0&#8211; die Pr\u00fcfung der Beschl\u00fcsse der Mitgliederversammlung und die Ausf\u00fchrung der nicht nichtigen Beschl\u00fcsse,<br \/>\u00a0&#8211; die fristgerechte Abf\u00fchrung von Geb\u00fchren und sonstigen Beitr\u00e4gen,<br \/>\u00a0&#8211; die Buchf\u00fchrung und damit zusammenh\u00e4ngend die Verwaltung und Verwendung des Vereinsverm\u00f6gens.<br \/>3. F\u00fcr den Fall, dass sich der Vorstand eine Vorstandsgesch\u00e4ftsordnung gibt, leitet jedes Vorstandsmitglied das ihm zugewiesene Ressort eigenverantwortlich. Im Rahmen dieser Ressortverwaltung hat jedes zust\u00e4ndige Vorstandsmitglied den Gesamtvorstand unverz\u00fcglich \u00fcber besondere Vorg\u00e4nge zu unterrichten.<\/p><p>\u00a0<\/p><h4 style=\"text-align: center;\">\u00a7 9 Beschlussfassung des Vorstandes \/ Vorstandssitzung<\/h4><p><br \/>1. Die Beschlussf\u00e4higkeit des Vorstands ist gegeben, wenn alle Vorstandsmitglieder ordnungsgem\u00e4\u00df eingeladen wurden und mindestens der 1. oder 2. Vorsitzende und zwei weitere Mitglieder anwesend sind.<br \/>2. Die Einladung zur nicht \u00f6ffentlichen Vorstandssitzung erfolgt m\u00fcndlich oder schriftlich durch den 1. Vorsitzenden, bei dessen Verhinderung durch den Vorsitzenden.<br \/>3. Im Rahmen der Einberufung des Vorstandes ist die Mitteilung einer Tagesordnung notwendig.<br \/>4. Der Vorstand entscheidet bei seiner Beschlussfassung mit einfacher Stimmenmehrheit. Bei Stimmgleichheit gilt der Beschlussantrag als abgelehnt. Die Abstimmungen erfolgen per Handzeichen. Auf Antrag ist eine geheime Abstimmung vorzunehmen.<br \/>5. Die Einberufung einer Vorstandssitzung bedarf es ausnahmsweise nicht, wenn alle Vorstandsmitglieder einem Vorschlag oder Beschluss schriftlich zustimmen.<br \/>6. Die in den Vorstandssitzungen gefassten Beschl\u00fcsse sind in einem Protokoll mit den dazugeh\u00f6rigen erzielten Mehrheitsverh\u00e4ltnissen zu vermerken und vom jeweiligen Sitzungsleiter zu unterschreiben. Des Weiteren hat das Protokoll den Sitzungsort, die Sitzungszeit und die Namen der Sitzungsteilnehmer zu enthalten. Schriftliche Beschlusszustimmungen sind als Anlage dem Protokoll hinzuzuf\u00fcgen.<\/p><p>\u00a0<\/p><h4 style=\"text-align: center;\">\u00a7 10 Kassenpr\u00fcfer<\/h4><p><br \/>\u00dcber die Jahresmitgliederversammlung sind zwei Kassenpr\u00fcfer f\u00fcr die Dauer von 2 Jahren zu w\u00e4hlen. Die Kassenpr\u00fcfer haben die Aufgabe, Rechnungsbelege sowie deren ordnungsgem\u00e4\u00dfe Verbuchung und die Mittelverwendung zu pr\u00fcfen und dabei insbesondere die satzungsgem\u00e4\u00dfe und steuerlich korrekte Mittelverwendung festzustellen. Die Pr\u00fcfung erstreckt sich nicht auf die Zweckm\u00e4\u00dfigkeit der vom Vorstand get\u00e4tigten Aufgaben. Die Kassenpr\u00fcfer haben die Mitgliederversammlung \u00fcber das Ergebnis der Kassenpr\u00fcfung zu unterrichten.<\/p><p>\u00a0<\/p><h4 style=\"text-align: center;\">\u00a7 11 Aufl\u00f6sung des Vereins<\/h4><p><br \/>Bei Aufl\u00f6sung des Vereins oder bei Wegfall seiner bisherigen gemeinn\u00fctzigen Zwecke ist das Vereinsverm\u00f6gen an die Stadt Zossen zu \u00fcberf\u00fchren. Das Vereinsverm\u00f6gen soll ausschlie\u00dflich zweckgebunden zur F\u00f6rderung heimatgeschichtlicher Forschung Verwendung \ufb01nden.<\/p><p style=\"text-align: center;\">Diese Satzung wurde am 19. M\u00e4rz 2016 von der Mitgliederversammlung beschlossen.<\/p>\t\t\t\t\t\t\t\t<\/div>\n\t\t\t\t\t<\/div>\n\t\t<\/div>\n\t\t\t\t\t<\/div>\n\t\t<\/section>\n\t\t\t\t<\/div>\n\t\t","protected":false},"excerpt":{"rendered":"<p>Satzung \u00a7\u00a01 Name, Sitz und Gesch\u00e4ftsjahr 1. Der Verein tr\u00e4gt den Namen \u201eF\u00f6rderverein Garnisonsmuseum W\u00fcnsdorf\u2018. Er soll in das Vereinsregister eingetragen werden und den Zusatz e.V. f\u00fchren.2. Der Verein hat seinen Sitz in W\u00fcnsdorf.3. Das Gesch\u00e4ftsjahr ist das Kalenderjahr. \u00a0 \u00a7\u00a02 Zweck und Aufgaben 1. Der Verein setzt sich zum Ziel, die Geschichte der Milit\u00e4rstandorte [&hellip;]<\/p>\n","protected":false},"author":1,"featured_media":0,"parent":66,"menu_order":0,"comment_status":"closed","ping_status":"closed","template":"","meta":{"site-sidebar-layout":"no-sidebar","site-content-layout":"page-builder","ast-site-content-layout":"default","site-content-style":"default","site-sidebar-style":"default","ast-global-header-display":"","ast-banner-title-visibility":"","ast-main-header-display":"","ast-hfb-above-header-display":"","ast-hfb-below-header-display":"","ast-hfb-mobile-header-display":"","site-post-title":"disabled","ast-breadcrumbs-content":"","ast-featured-img":"disabled","footer-sml-layout":"","ast-disable-related-posts":"","theme-transparent-header-meta":"","adv-header-id-meta":"","stick-header-meta":"","header-above-stick-meta":"","header-main-stick-meta":"","header-below-stick-meta":"","astra-migrate-meta-layouts":"default","ast-page-background-enabled":"default","ast-page-background-meta":{"desktop":{"background-color":"var(--ast-global-color-4)","background-image":"","background-repeat":"repeat","background-position":"center center","background-size":"auto","background-attachment":"scroll","background-type":"","background-media":"","overlay-type":"","overlay-color":"","overlay-opacity":"","overlay-gradient":""},"tablet":{"background-color":"","background-image":"","background-repeat":"repeat","background-position":"center center","background-size":"auto","background-attachment":"scroll","background-type":"","background-media":"","overlay-type":"","overlay-color":"","overlay-opacity":"","overlay-gradient":""},"mobile":{"background-color":"","background-image":"","background-repeat":"repeat","background-position":"center center","background-size":"auto","background-attachment":"scroll","background-type":"","background-media":"","overlay-type":"","overlay-color":"","overlay-opacity":"","overlay-gradient":""}},"ast-content-background-meta":{"desktop":{"background-color":"var(--ast-global-color-5)","background-image":"","background-repeat":"repeat","background-position":"center center","background-size":"auto","background-attachment":"scroll","background-type":"","background-media":"","overlay-type":"","overlay-color":"","overlay-opacity":"","overlay-gradient":""},"tablet":{"background-color":"var(--ast-global-color-5)","background-image":"","background-repeat":"repeat","background-position":"center center","background-size":"auto","background-attachment":"scroll","background-type":"","background-media":"","overlay-type":"","overlay-color":"","overlay-opacity":"","overlay-gradient":""},"mobile":{"background-color":"var(--ast-global-color-5)","background-image":"","background-repeat":"repeat","background-position":"center center","background-size":"auto","background-attachment":"scroll","background-type":"","background-media":"","overlay-type":"","overlay-color":"","overlay-opacity":"","overlay-gradient":""}},"footnotes":""},"class_list":["post-124","page","type-page","status-publish","hentry"],"_links":{"self":[{"href":"https:\/\/garnisonsmuseumwuensdorf.de\/Startseite\/wp-json\/wp\/v2\/pages\/124","targetHints":{"allow":["GET"]}}],"collection":[{"href":"https:\/\/garnisonsmuseumwuensdorf.de\/Startseite\/wp-json\/wp\/v2\/pages"}],"about":[{"href":"https:\/\/garnisonsmuseumwuensdorf.de\/Startseite\/wp-json\/wp\/v2\/types\/page"}],"author":[{"embeddable":true,"href":"https:\/\/garnisonsmuseumwuensdorf.de\/Startseite\/wp-json\/wp\/v2\/users\/1"}],"replies":[{"embeddable":true,"href":"https:\/\/garnisonsmuseumwuensdorf.de\/Startseite\/wp-json\/wp\/v2\/comments?post=124"}],"version-history":[{"count":32,"href":"https:\/\/garnisonsmuseumwuensdorf.de\/Startseite\/wp-json\/wp\/v2\/pages\/124\/revisions"}],"predecessor-version":[{"id":511,"href":"https:\/\/garnisonsmuseumwuensdorf.de\/Startseite\/wp-json\/wp\/v2\/pages\/124\/revisions\/511"}],"up":[{"embeddable":true,"href":"https:\/\/garnisonsmuseumwuensdorf.de\/Startseite\/wp-json\/wp\/v2\/pages\/66"}],"wp:attachment":[{"href":"https:\/\/garnisonsmuseumwuensdorf.de\/Startseite\/wp-json\/wp\/v2\/media?parent=124"}],"curies":[{"name":"wp","href":"https:\/\/api.w.org\/{rel}","templated":true}]}}