{"id":1123,"date":"2025-03-01T13:31:49","date_gmt":"2025-03-01T13:31:49","guid":{"rendered":"https:\/\/garnisonsmuseumwuensdorf.de\/Startseite\/?p=1123"},"modified":"2025-10-23T04:15:55","modified_gmt":"2025-10-23T04:15:55","slug":"aktuelles","status":"publish","type":"page","link":"https:\/\/garnisonsmuseumwuensdorf.de\/Startseite\/aktuelles\/","title":{"rendered":"Aktuelles"},"content":{"rendered":"\t\t<div data-elementor-type=\"wp-post\" data-elementor-id=\"1123\" class=\"elementor elementor-1123\">\n\t\t\t\t<div class=\"elementor-element elementor-element-a1c59a0 e-flex e-con-boxed e-con e-parent\" data-id=\"a1c59a0\" data-element_type=\"container\" data-e-type=\"container\">\n\t\t\t\t\t<div class=\"e-con-inner\">\n\t\t\t\t<div class=\"elementor-element elementor-element-68ae26d elementor-widget-divider--view-line elementor-widget elementor-widget-divider\" data-id=\"68ae26d\" data-element_type=\"widget\" data-e-type=\"widget\" data-widget_type=\"divider.default\">\n\t\t\t\t\t\t\t<div class=\"elementor-divider\">\n\t\t\t<span class=\"elementor-divider-separator\">\n\t\t\t\t\t\t<\/span>\n\t\t<\/div>\n\t\t\t\t\t\t<\/div>\n\t\t\t\t\t<\/div>\n\t\t\t\t<\/div>\n\t\t<div class=\"elementor-element elementor-element-809f005 e-flex e-con-boxed e-con e-parent\" data-id=\"809f005\" data-element_type=\"container\" data-e-type=\"container\">\n\t\t\t\t\t<div class=\"e-con-inner\">\n\t\t\t\t<div class=\"elementor-element elementor-element-2384bf6 elementor-widget elementor-widget-text-editor\" data-id=\"2384bf6\" data-element_type=\"widget\" data-e-type=\"widget\" data-widget_type=\"text-editor.default\">\n\t\t\t\t\t\t\t\t\t<p style=\"text-align: center;\">Geschichte unter unseren F\u00fc\u00dfen \u2013 Bodenfunde aus dem W\u00fcnsdorfer Fontaneviertel<\/p><p>\u00a0<\/p><p>Milit\u00e4rgeschichtlicher Abend in W\u00fcnsdorf: Bodenfunde aus der Waldstadt<br \/><br \/><strong>Veranstaltungsr\u00fcckblick<\/strong><br \/>Wann: Freitag, 17. Oktober, 18:00 Uhr<\/p><p>Wo: B\u00fccherstall, Gutenbergstra\u00dfe 5, W\u00fcnsdorfVeranstalter: F\u00f6rderverein &#8222;Freunde der B\u00fccherstadt W\u00fcnsdorf e.V.&#8220;<\/p><p>Thema und Referent<br \/>Der ehrenamtliche Denkmalpfleger Jan Erdmann pr\u00e4sentierte historische Bodenfunde aus dem neuen Wohngebiet der Waldstadt (Fontaneviertel). Als offizieller Beauftragter des Landkreises Teltow-Fl\u00e4ming begleitete Erdmann, selbst Waldst\u00e4dter, \u00fcber ein Jahr lang die Bauarbeiten.<br \/>Die Funde<\/p><p>Zeitspanne: 1910 bis 1994<br \/>Art: Fundst\u00fccke aus milit\u00e4rischem und zivilem Alltag<br \/>Besonderheit: Originalfunde wurden pr\u00e4sentiert<br \/>Die Exponate spiegelten \u00fcber 80 Jahre Standortgeschichte wider<\/p><p>Einblick in die Geschichte<br \/>Erdmann gab an diesem Abend spannende Einblicke in seine Erkundungen und zeigte Originalfunde, die einen direkten Blick in die Vergangenheit erm\u00f6glichten. Die Veranstaltung bot Bewohnern und Geschichtsinteressierten die M\u00f6glichkeit, die bewegte Geschichte &#8222;direkt vor der Haust\u00fcr&#8220; kennenzulernen.<\/p>\t\t\t\t\t\t\t\t<\/div>\n\t\t\t\t\t<\/div>\n\t\t\t\t<\/div>\n\t\t\t\t<section class=\"elementor-section elementor-top-section elementor-element elementor-element-8e96520 elementor-section-boxed elementor-section-height-default elementor-section-height-default\" data-id=\"8e96520\" data-element_type=\"section\" data-e-type=\"section\">\n\t\t\t\t\t\t<div class=\"elementor-container elementor-column-gap-default\">\n\t\t\t\t\t<div class=\"elementor-column elementor-col-100 elementor-top-column elementor-element elementor-element-5de4781\" data-id=\"5de4781\" data-element_type=\"column\" data-e-type=\"column\">\n\t\t\t<div class=\"elementor-widget-wrap elementor-element-populated\">\n\t\t\t\t\t\t<div class=\"elementor-element elementor-element-ad534cf elementor-widget elementor-widget-spacer\" data-id=\"ad534cf\" data-element_type=\"widget\" data-e-type=\"widget\" data-widget_type=\"spacer.default\">\n\t\t\t\t\t\t\t<div class=\"elementor-spacer\">\n\t\t\t<div class=\"elementor-spacer-inner\"><\/div>\n\t\t<\/div>\n\t\t\t\t\t\t<\/div>\n\t\t\t\t<div class=\"elementor-element elementor-element-5597523 elementor-widget elementor-widget-menu-anchor\" data-id=\"5597523\" data-element_type=\"widget\" data-e-type=\"widget\" data-widget_type=\"menu-anchor.default\">\n\t\t\t\t\t\t\t<div class=\"elementor-menu-anchor\" id=\"news\"><\/div>\n\t\t\t\t\t\t<\/div>\n\t\t\t\t<div class=\"elementor-element elementor-element-0f32fbf elementor-invisible elementor-widget elementor-widget-text-editor\" data-id=\"0f32fbf\" data-element_type=\"widget\" data-e-type=\"widget\" data-settings=\"{&quot;_animation&quot;:&quot;zoomIn&quot;}\" data-widget_type=\"text-editor.default\">\n\t\t\t\t\t\t\t\t\t<h1 style=\"text-align: center;\">Die Wintermonate wurden genutzt um neue Exponate auszustellen und auch die Verkaufsecke neu zu ordnen.<br \/>Desweiteren wird eine Sonderausstellung zum Gefecht bei Wietstock 1813 gezeigt<\/h1>\t\t\t\t\t\t\t\t<\/div>\n\t\t\t\t<div class=\"elementor-element elementor-element-18594d7 elementor-widget elementor-widget-spacer\" data-id=\"18594d7\" data-element_type=\"widget\" data-e-type=\"widget\" data-widget_type=\"spacer.default\">\n\t\t\t\t\t\t\t<div class=\"elementor-spacer\">\n\t\t\t<div class=\"elementor-spacer-inner\"><\/div>\n\t\t<\/div>\n\t\t\t\t\t\t<\/div>\n\t\t\t\t\t<\/div>\n\t\t<\/div>\n\t\t\t\t\t<\/div>\n\t\t<\/section>\n\t\t\t\t<section class=\"elementor-section elementor-top-section elementor-element elementor-element-e125447 elementor-section-boxed elementor-section-height-default elementor-section-height-default\" data-id=\"e125447\" data-element_type=\"section\" data-e-type=\"section\">\n\t\t\t\t\t\t<div class=\"elementor-container elementor-column-gap-default\">\n\t\t\t\t\t<div class=\"elementor-column elementor-col-100 elementor-top-column elementor-element elementor-element-b2ad774\" data-id=\"b2ad774\" data-element_type=\"column\" data-e-type=\"column\">\n\t\t\t<div class=\"elementor-widget-wrap elementor-element-populated\">\n\t\t\t\t\t\t<div class=\"elementor-element elementor-element-fb55e3a elementor-arrows-position-inside elementor-pagination-position-outside elementor-widget elementor-widget-image-carousel\" data-id=\"fb55e3a\" data-element_type=\"widget\" data-e-type=\"widget\" data-settings=\"{&quot;autoplay_speed&quot;:2000,&quot;navigation&quot;:&quot;both&quot;,&quot;autoplay&quot;:&quot;yes&quot;,&quot;pause_on_hover&quot;:&quot;yes&quot;,&quot;pause_on_interaction&quot;:&quot;yes&quot;,&quot;infinite&quot;:&quot;yes&quot;,&quot;speed&quot;:500}\" data-widget_type=\"image-carousel.default\">\n\t\t\t\t\t\t\t<div class=\"elementor-image-carousel-wrapper swiper\" role=\"region\" aria-roledescription=\"carousel\" aria-label=\"Bild Karussell\" dir=\"ltr\">\n\t\t\t<div class=\"elementor-image-carousel swiper-wrapper\" aria-live=\"off\">\n\t\t\t\t\t\t\t\t<div class=\"swiper-slide\" role=\"group\" aria-roledescription=\"slide\" aria-label=\"1 von 7\"><figure class=\"swiper-slide-inner\"><img decoding=\"async\" class=\"swiper-slide-image\" src=\"https:\/\/garnisonsmuseumwuensdorf.de\/wp-content\/uploads\/2025\/03\/SDC18781-1-rotated.jpg\" alt=\"SAMSUNG DIGITAL CAMERA\" \/><\/figure><\/div><div class=\"swiper-slide\" role=\"group\" aria-roledescription=\"slide\" aria-label=\"2 von 7\"><figure class=\"swiper-slide-inner\"><img decoding=\"async\" class=\"swiper-slide-image\" src=\"https:\/\/garnisonsmuseumwuensdorf.de\/wp-content\/uploads\/2025\/03\/SDC18780-1-rotated.jpg\" alt=\"SAMSUNG DIGITAL CAMERA\" \/><\/figure><\/div><div class=\"swiper-slide\" role=\"group\" aria-roledescription=\"slide\" aria-label=\"3 von 7\"><figure class=\"swiper-slide-inner\"><img decoding=\"async\" class=\"swiper-slide-image\" src=\"https:\/\/garnisonsmuseumwuensdorf.de\/wp-content\/uploads\/2025\/03\/SDC18771-1-rotated.jpg\" alt=\"SAMSUNG DIGITAL CAMERA\" \/><\/figure><\/div><div class=\"swiper-slide\" role=\"group\" aria-roledescription=\"slide\" aria-label=\"4 von 7\"><figure class=\"swiper-slide-inner\"><img decoding=\"async\" class=\"swiper-slide-image\" src=\"https:\/\/garnisonsmuseumwuensdorf.de\/wp-content\/uploads\/2025\/03\/SDC18770-1-rotated.jpg\" alt=\"SAMSUNG DIGITAL CAMERA\" \/><\/figure><\/div><div class=\"swiper-slide\" role=\"group\" aria-roledescription=\"slide\" aria-label=\"5 von 7\"><figure class=\"swiper-slide-inner\"><img decoding=\"async\" class=\"swiper-slide-image\" src=\"https:\/\/garnisonsmuseumwuensdorf.de\/wp-content\/uploads\/2025\/03\/SDC18768-1-rotated.jpg\" alt=\"SAMSUNG DIGITAL CAMERA\" \/><\/figure><\/div><div class=\"swiper-slide\" role=\"group\" aria-roledescription=\"slide\" aria-label=\"6 von 7\"><figure class=\"swiper-slide-inner\"><img decoding=\"async\" class=\"swiper-slide-image\" src=\"https:\/\/garnisonsmuseumwuensdorf.de\/wp-content\/uploads\/2025\/03\/SDC18766-1-rotated.jpg\" alt=\"SAMSUNG DIGITAL CAMERA\" \/><\/figure><\/div><div class=\"swiper-slide\" role=\"group\" aria-roledescription=\"slide\" aria-label=\"7 von 7\"><figure class=\"swiper-slide-inner\"><img decoding=\"async\" class=\"swiper-slide-image\" src=\"https:\/\/garnisonsmuseumwuensdorf.de\/wp-content\/uploads\/2025\/03\/SDC18765-1-rotated.jpg\" alt=\"SAMSUNG DIGITAL CAMERA\" \/><\/figure><\/div>\t\t\t<\/div>\n\t\t\t\t\t\t\t\t\t\t\t\t<div class=\"elementor-swiper-button elementor-swiper-button-prev\" role=\"button\" tabindex=\"0\">\n\t\t\t\t\t\t<svg aria-hidden=\"true\" class=\"e-font-icon-svg e-eicon-chevron-left\" viewBox=\"0 0 1000 1000\" xmlns=\"http:\/\/www.w3.org\/2000\/svg\"><path d=\"M646 125C629 125 613 133 604 142L308 442C296 454 292 471 292 487 292 504 296 521 308 533L604 854C617 867 629 875 646 875 663 875 679 871 692 858 704 846 713 829 713 812 713 796 708 779 692 767L438 487 692 225C700 217 708 204 708 187 708 171 704 154 692 142 675 129 663 125 646 125Z\"><\/path><\/svg>\t\t\t\t\t<\/div>\n\t\t\t\t\t<div class=\"elementor-swiper-button elementor-swiper-button-next\" role=\"button\" tabindex=\"0\">\n\t\t\t\t\t\t<svg aria-hidden=\"true\" class=\"e-font-icon-svg e-eicon-chevron-right\" viewBox=\"0 0 1000 1000\" xmlns=\"http:\/\/www.w3.org\/2000\/svg\"><path d=\"M696 533C708 521 713 504 713 487 713 471 708 454 696 446L400 146C388 133 375 125 354 125 338 125 325 129 313 142 300 154 292 171 292 187 292 204 296 221 308 233L563 492 304 771C292 783 288 800 288 817 288 833 296 850 308 863 321 871 338 875 354 875 371 875 388 867 400 854L696 533Z\"><\/path><\/svg>\t\t\t\t\t<\/div>\n\t\t\t\t\n\t\t\t\t\t\t\t\t\t<div class=\"swiper-pagination\"><\/div>\n\t\t\t\t\t\t\t\t\t<\/div>\n\t\t\t\t\t\t<\/div>\n\t\t\t\t\t<\/div>\n\t\t<\/div>\n\t\t\t\t\t<\/div>\n\t\t<\/section>\n\t\t\t\t<section class=\"elementor-section elementor-top-section elementor-element elementor-element-641d304 elementor-section-boxed elementor-section-height-default elementor-section-height-default\" data-id=\"641d304\" data-element_type=\"section\" data-e-type=\"section\">\n\t\t\t\t\t\t<div class=\"elementor-container elementor-column-gap-default\">\n\t\t\t\t\t<div class=\"elementor-column elementor-col-100 elementor-top-column elementor-element elementor-element-9a952f2\" data-id=\"9a952f2\" data-element_type=\"column\" data-e-type=\"column\">\n\t\t\t<div class=\"elementor-widget-wrap elementor-element-populated\">\n\t\t\t\t\t\t<div class=\"elementor-element elementor-element-384e7fa elementor-widget elementor-widget-spacer\" data-id=\"384e7fa\" data-element_type=\"widget\" data-e-type=\"widget\" data-widget_type=\"spacer.default\">\n\t\t\t\t\t\t\t<div class=\"elementor-spacer\">\n\t\t\t<div class=\"elementor-spacer-inner\"><\/div>\n\t\t<\/div>\n\t\t\t\t\t\t<\/div>\n\t\t\t\t\t<\/div>\n\t\t<\/div>\n\t\t\t\t\t<\/div>\n\t\t<\/section>\n\t\t\t\t<section class=\"elementor-section elementor-top-section elementor-element elementor-element-327d02e elementor-section-boxed elementor-section-height-default elementor-section-height-default\" data-id=\"327d02e\" data-element_type=\"section\" data-e-type=\"section\">\n\t\t\t\t\t\t<div class=\"elementor-container elementor-column-gap-default\">\n\t\t\t\t\t<div class=\"elementor-column elementor-col-100 elementor-top-column elementor-element elementor-element-025d6cd\" data-id=\"025d6cd\" data-element_type=\"column\" data-e-type=\"column\">\n\t\t\t<div class=\"elementor-widget-wrap elementor-element-populated\">\n\t\t\t\t\t\t<div class=\"elementor-element elementor-element-6864ac8 elementor-widget-divider--view-line elementor-widget elementor-widget-divider\" data-id=\"6864ac8\" data-element_type=\"widget\" data-e-type=\"widget\" data-widget_type=\"divider.default\">\n\t\t\t\t\t\t\t<div class=\"elementor-divider\">\n\t\t\t<span class=\"elementor-divider-separator\">\n\t\t\t\t\t\t<\/span>\n\t\t<\/div>\n\t\t\t\t\t\t<\/div>\n\t\t\t\t\t<\/div>\n\t\t<\/div>\n\t\t\t\t\t<\/div>\n\t\t<\/section>\n\t\t\t\t<section class=\"elementor-section elementor-top-section elementor-element elementor-element-f7e876e elementor-section-boxed elementor-section-height-default elementor-section-height-default\" data-id=\"f7e876e\" data-element_type=\"section\" data-e-type=\"section\">\n\t\t\t\t\t\t<div class=\"elementor-container elementor-column-gap-default\">\n\t\t\t\t\t<div class=\"elementor-column elementor-col-100 elementor-top-column elementor-element elementor-element-31edd3b\" data-id=\"31edd3b\" data-element_type=\"column\" data-e-type=\"column\">\n\t\t\t<div class=\"elementor-widget-wrap elementor-element-populated\">\n\t\t\t\t\t\t<div class=\"elementor-element elementor-element-bf7120f elementor-widget elementor-widget-spacer\" data-id=\"bf7120f\" data-element_type=\"widget\" data-e-type=\"widget\" data-widget_type=\"spacer.default\">\n\t\t\t\t\t\t\t<div class=\"elementor-spacer\">\n\t\t\t<div class=\"elementor-spacer-inner\"><\/div>\n\t\t<\/div>\n\t\t\t\t\t\t<\/div>\n\t\t\t\t<div class=\"elementor-element elementor-element-c4605e9 elementor-invisible elementor-widget elementor-widget-text-editor\" data-id=\"c4605e9\" data-element_type=\"widget\" data-e-type=\"widget\" data-settings=\"{&quot;_animation&quot;:&quot;zoomIn&quot;}\" data-widget_type=\"text-editor.default\">\n\t\t\t\t\t\t\t\t\t<h1 style=\"text-align: center;\">\u00a0<\/h1><h4 style=\"text-align: center;\"><span style=\"color: #000000;\">Das Brandenburgische Landesamt f\u00fcr Denkmalpflege und Arch\u00e4ologisches Landesmuseum \u201e<a style=\"color: #000000;\" href=\"https:\/\/bldam-brandenburg.de\/\" target=\"_blank\" rel=\"noopener\">BLADM<\/a>\u201c hat die sowjetische Fahrschulanlage in W\u00fcnsdorf auf die Denkmalliste des Landes Brandenburg gesetzt. Die Vereinsmitglieder Jan und Daniel haben diese Anlage freigelegt und pflegen sie weiterhin.<\/span><\/h4><h4 style=\"text-align: center;\"><span style=\"color: #000000;\">Vielen Dank f\u00fcr die Unterst\u00fctzung.<\/span><\/h4>\t\t\t\t\t\t\t\t<\/div>\n\t\t\t\t<div class=\"elementor-element elementor-element-a2b933b elementor-widget elementor-widget-spacer\" data-id=\"a2b933b\" data-element_type=\"widget\" data-e-type=\"widget\" data-widget_type=\"spacer.default\">\n\t\t\t\t\t\t\t<div class=\"elementor-spacer\">\n\t\t\t<div class=\"elementor-spacer-inner\"><\/div>\n\t\t<\/div>\n\t\t\t\t\t\t<\/div>\n\t\t\t\t<div class=\"elementor-element elementor-element-5003ba6 elementor-widget elementor-widget-gallery\" data-id=\"5003ba6\" data-element_type=\"widget\" data-e-type=\"widget\" data-settings=\"{&quot;gallery_layout&quot;:&quot;masonry&quot;,&quot;lazyload&quot;:&quot;yes&quot;,&quot;columns&quot;:4,&quot;columns_tablet&quot;:2,&quot;columns_mobile&quot;:1,&quot;gap&quot;:{&quot;unit&quot;:&quot;px&quot;,&quot;size&quot;:10,&quot;sizes&quot;:[]},&quot;gap_tablet&quot;:{&quot;unit&quot;:&quot;px&quot;,&quot;size&quot;:10,&quot;sizes&quot;:[]},&quot;gap_mobile&quot;:{&quot;unit&quot;:&quot;px&quot;,&quot;size&quot;:10,&quot;sizes&quot;:[]},&quot;link_to&quot;:&quot;file&quot;,&quot;overlay_background&quot;:&quot;yes&quot;,&quot;content_hover_animation&quot;:&quot;fade-in&quot;}\" data-widget_type=\"gallery.default\">\n\t\t\t\t<div class=\"elementor-widget-container\">\n\t\t\t\t\t\t\t<div class=\"elementor-gallery__container\">\n\t\t\t\t\t\t\t<a class=\"e-gallery-item elementor-gallery-item elementor-animated-content\" href=\"https:\/\/garnisonsmuseumwuensdorf.de\/wp-content\/uploads\/2024\/06\/SDC18403-rotated.jpg\" data-elementor-open-lightbox=\"yes\" data-elementor-lightbox-slideshow=\"all-5003ba6\" data-elementor-lightbox-title=\"SAMSUNG DIGITAL CAMERA\" data-e-action-hash=\"#elementor-action%3Aaction%3Dlightbox%26settings%3DeyJpZCI6MTEyNiwidXJsIjoiaHR0cHM6XC9cL2dhcm5pc29uc211c2V1bXd1ZW5zZG9yZi5kZVwvd3AtY29udGVudFwvdXBsb2Fkc1wvMjAyNFwvMDZcL1NEQzE4NDAzLXJvdGF0ZWQuanBnIiwic2xpZGVzaG93IjoiYWxsLTUwMDNiYTYifQ%3D%3D\">\n\t\t\t\t\t<div class=\"e-gallery-image elementor-gallery-item__image\" data-thumbnail=\"https:\/\/garnisonsmuseumwuensdorf.de\/wp-content\/uploads\/2024\/06\/SDC18403-rotated.jpg\" data-width=\"768\" data-height=\"1024\" alt=\"\" ><\/div>\n\t\t\t\t\t\t\t\t\t\t\t<div class=\"elementor-gallery-item__overlay\"><\/div>\n\t\t\t\t\t\t\t\t\t\t\t\t\t\t<\/a>\n\t\t\t\t\t\t\t<a class=\"e-gallery-item elementor-gallery-item elementor-animated-content\" href=\"https:\/\/garnisonsmuseumwuensdorf.de\/wp-content\/uploads\/2024\/06\/SDC18404-rotated.jpg\" data-elementor-open-lightbox=\"yes\" data-elementor-lightbox-slideshow=\"all-5003ba6\" data-elementor-lightbox-title=\"SAMSUNG DIGITAL CAMERA\" data-e-action-hash=\"#elementor-action%3Aaction%3Dlightbox%26settings%3DeyJpZCI6MTEyNywidXJsIjoiaHR0cHM6XC9cL2dhcm5pc29uc211c2V1bXd1ZW5zZG9yZi5kZVwvd3AtY29udGVudFwvdXBsb2Fkc1wvMjAyNFwvMDZcL1NEQzE4NDA0LXJvdGF0ZWQuanBnIiwic2xpZGVzaG93IjoiYWxsLTUwMDNiYTYifQ%3D%3D\">\n\t\t\t\t\t<div class=\"e-gallery-image elementor-gallery-item__image\" data-thumbnail=\"https:\/\/garnisonsmuseumwuensdorf.de\/wp-content\/uploads\/2024\/06\/SDC18404-rotated.jpg\" data-width=\"768\" data-height=\"1024\" alt=\"\" ><\/div>\n\t\t\t\t\t\t\t\t\t\t\t<div class=\"elementor-gallery-item__overlay\"><\/div>\n\t\t\t\t\t\t\t\t\t\t\t\t\t\t<\/a>\n\t\t\t\t\t\t\t<a class=\"e-gallery-item elementor-gallery-item elementor-animated-content\" href=\"https:\/\/garnisonsmuseumwuensdorf.de\/wp-content\/uploads\/2024\/06\/SDC18405-rotated.jpg\" data-elementor-open-lightbox=\"yes\" data-elementor-lightbox-slideshow=\"all-5003ba6\" data-elementor-lightbox-title=\"SAMSUNG DIGITAL CAMERA\" data-e-action-hash=\"#elementor-action%3Aaction%3Dlightbox%26settings%3DeyJpZCI6MTEyOCwidXJsIjoiaHR0cHM6XC9cL2dhcm5pc29uc211c2V1bXd1ZW5zZG9yZi5kZVwvd3AtY29udGVudFwvdXBsb2Fkc1wvMjAyNFwvMDZcL1NEQzE4NDA1LXJvdGF0ZWQuanBnIiwic2xpZGVzaG93IjoiYWxsLTUwMDNiYTYifQ%3D%3D\">\n\t\t\t\t\t<div class=\"e-gallery-image elementor-gallery-item__image\" data-thumbnail=\"https:\/\/garnisonsmuseumwuensdorf.de\/wp-content\/uploads\/2024\/06\/SDC18405-rotated.jpg\" data-width=\"768\" data-height=\"1024\" alt=\"\" ><\/div>\n\t\t\t\t\t\t\t\t\t\t\t<div class=\"elementor-gallery-item__overlay\"><\/div>\n\t\t\t\t\t\t\t\t\t\t\t\t\t\t<\/a>\n\t\t\t\t\t\t\t<a class=\"e-gallery-item elementor-gallery-item elementor-animated-content\" href=\"https:\/\/garnisonsmuseumwuensdorf.de\/wp-content\/uploads\/2024\/06\/SDC18406-rotated.jpg\" data-elementor-open-lightbox=\"yes\" data-elementor-lightbox-slideshow=\"all-5003ba6\" data-elementor-lightbox-title=\"SAMSUNG DIGITAL CAMERA\" data-e-action-hash=\"#elementor-action%3Aaction%3Dlightbox%26settings%3DeyJpZCI6MTEyOSwidXJsIjoiaHR0cHM6XC9cL2dhcm5pc29uc211c2V1bXd1ZW5zZG9yZi5kZVwvd3AtY29udGVudFwvdXBsb2Fkc1wvMjAyNFwvMDZcL1NEQzE4NDA2LXJvdGF0ZWQuanBnIiwic2xpZGVzaG93IjoiYWxsLTUwMDNiYTYifQ%3D%3D\">\n\t\t\t\t\t<div class=\"e-gallery-image elementor-gallery-item__image\" data-thumbnail=\"https:\/\/garnisonsmuseumwuensdorf.de\/wp-content\/uploads\/2024\/06\/SDC18406-rotated.jpg\" data-width=\"768\" data-height=\"1024\" alt=\"\" ><\/div>\n\t\t\t\t\t\t\t\t\t\t\t<div class=\"elementor-gallery-item__overlay\"><\/div>\n\t\t\t\t\t\t\t\t\t\t\t\t\t\t<\/a>\n\t\t\t\t\t<\/div>\n\t\t\t\t\t<\/div>\n\t\t\t\t<\/div>\n\t\t\t\t\t<\/div>\n\t\t<\/div>\n\t\t\t\t\t<\/div>\n\t\t<\/section>\n\t\t\t\t<\/div>\n\t\t","protected":false},"excerpt":{"rendered":"<p>Geschichte unter unseren F\u00fc\u00dfen \u2013 Bodenfunde aus dem W\u00fcnsdorfer Fontaneviertel \u00a0 Milit\u00e4rgeschichtlicher Abend in W\u00fcnsdorf: Bodenfunde aus der Waldstadt Veranstaltungsr\u00fcckblickWann: Freitag, 17. Oktober, 18:00 Uhr Wo: B\u00fccherstall, Gutenbergstra\u00dfe 5, W\u00fcnsdorfVeranstalter: F\u00f6rderverein &#8222;Freunde der B\u00fccherstadt W\u00fcnsdorf e.V.&#8220; Thema und ReferentDer ehrenamtliche Denkmalpfleger Jan Erdmann pr\u00e4sentierte historische Bodenfunde aus dem neuen Wohngebiet der Waldstadt (Fontaneviertel). Als offizieller [&hellip;]<\/p>\n","protected":false},"author":1,"featured_media":0,"parent":0,"menu_order":0,"comment_status":"closed","ping_status":"open","template":"","meta":{"site-sidebar-layout":"default","site-content-layout":"","ast-site-content-layout":"default","site-content-style":"default","site-sidebar-style":"default","ast-global-header-display":"","ast-banner-title-visibility":"","ast-main-header-display":"","ast-hfb-above-header-display":"","ast-hfb-below-header-display":"","ast-hfb-mobile-header-display":"","site-post-title":"","ast-breadcrumbs-content":"","ast-featured-img":"","footer-sml-layout":"","ast-disable-related-posts":"","theme-transparent-header-meta":"","adv-header-id-meta":"","stick-header-meta":"","header-above-stick-meta":"","header-main-stick-meta":"","header-below-stick-meta":"","astra-migrate-meta-layouts":"set","ast-page-background-enabled":"default","ast-page-background-meta":{"desktop":{"background-color":"var(--ast-global-color-4)","background-image":"","background-repeat":"repeat","background-position":"center center","background-size":"auto","background-attachment":"scroll","background-type":"","background-media":"","overlay-type":"","overlay-color":"","overlay-opacity":"","overlay-gradient":""},"tablet":{"background-color":"","background-image":"","background-repeat":"repeat","background-position":"center center","background-size":"auto","background-attachment":"scroll","background-type":"","background-media":"","overlay-type":"","overlay-color":"","overlay-opacity":"","overlay-gradient":""},"mobile":{"background-color":"","background-image":"","background-repeat":"repeat","background-position":"center center","background-size":"auto","background-attachment":"scroll","background-type":"","background-media":"","overlay-type":"","overlay-color":"","overlay-opacity":"","overlay-gradient":""}},"ast-content-background-meta":{"desktop":{"background-color":"var(--ast-global-color-5)","background-image":"","background-repeat":"repeat","background-position":"center center","background-size":"auto","background-attachment":"scroll","background-type":"","background-media":"","overlay-type":"","overlay-color":"","overlay-opacity":"","overlay-gradient":""},"tablet":{"background-color":"var(--ast-global-color-5)","background-image":"","background-repeat":"repeat","background-position":"center center","background-size":"auto","background-attachment":"scroll","background-type":"","background-media":"","overlay-type":"","overlay-color":"","overlay-opacity":"","overlay-gradient":""},"mobile":{"background-color":"var(--ast-global-color-5)","background-image":"","background-repeat":"repeat","background-position":"center center","background-size":"auto","background-attachment":"scroll","background-type":"","background-media":"","overlay-type":"","overlay-color":"","overlay-opacity":"","overlay-gradient":""}},"footnotes":""},"class_list":["post-1123","page","type-page","status-publish","hentry"],"_links":{"self":[{"href":"https:\/\/garnisonsmuseumwuensdorf.de\/Startseite\/wp-json\/wp\/v2\/pages\/1123","targetHints":{"allow":["GET"]}}],"collection":[{"href":"https:\/\/garnisonsmuseumwuensdorf.de\/Startseite\/wp-json\/wp\/v2\/pages"}],"about":[{"href":"https:\/\/garnisonsmuseumwuensdorf.de\/Startseite\/wp-json\/wp\/v2\/types\/page"}],"author":[{"embeddable":true,"href":"https:\/\/garnisonsmuseumwuensdorf.de\/Startseite\/wp-json\/wp\/v2\/users\/1"}],"replies":[{"embeddable":true,"href":"https:\/\/garnisonsmuseumwuensdorf.de\/Startseite\/wp-json\/wp\/v2\/comments?post=1123"}],"version-history":[{"count":17,"href":"https:\/\/garnisonsmuseumwuensdorf.de\/Startseite\/wp-json\/wp\/v2\/pages\/1123\/revisions"}],"predecessor-version":[{"id":1363,"href":"https:\/\/garnisonsmuseumwuensdorf.de\/Startseite\/wp-json\/wp\/v2\/pages\/1123\/revisions\/1363"}],"wp:attachment":[{"href":"https:\/\/garnisonsmuseumwuensdorf.de\/Startseite\/wp-json\/wp\/v2\/media?parent=1123"}],"curies":[{"name":"wp","href":"https:\/\/api.w.org\/{rel}","templated":true}]}}